{"id":22460,"date":"2025-03-17T16:17:29","date_gmt":"2025-03-17T16:17:31","guid":{"rendered":"https:\/\/www.packstar.ch\/produkt\/seau-jet-107-10-8-litre\/"},"modified":"2026-04-16T12:47:02","modified_gmt":"2026-04-16T12:47:02","slug":"seau-jet-107-10-8-litre","status":"publish","type":"product","link":"https:\/\/www.packstar.ch\/fr\/produkt\/seau-jet-107-10-8-litre\/","title":{"rendered":"Seau JET 107 (10.8 Litre)"},"content":{"rendered":"<p>Le seau en plastique JET 107 est le seau de 10 litres le plus vendu en Suisse et un classique de Jokey SE qui a fait ses preuves. Ce seau a \u00e9t\u00e9 sp\u00e9cialement con\u00e7u pour r\u00e9pondre aux exigences de l&#8217;industrie alimentaire et offre une solution fiable et polyvalente pour le stockage et le transport des aliments et autres produits.<\/p>\n","protected":false},"excerpt":{"rendered":"<ul><\/p>\n<li>Seau rond de Jokey avec anse en plastique<\/li>\n<p><\/p>\n<li>Volume : 10.8 litre<\/li>\n<p><\/p>\n<li>Mat\u00e9riel : polypropyl\u00e8ne (PP) sans risque pour produits alimentaires<\/li>\n<p><\/p>\n<li>Couleur : blanc<\/li>\n<p><\/p>\n<li>Diam\u00e8tre sup\u00e9rieur diam\u00e8tre : 268 mm<\/li>\n<p><\/p>\n<li>Hauteur : 264 mm<\/li>\n<p><\/p>\n<li>Appropri\u00e9 pour produits alimentaires, couleurs, etc.<\/li>\n<p><\/p>\n<li>Couvercle : DET267P<\/li>\n<p><\/p>\n<li>Poids \/ pi\u00e8ce en kg : 0.332 (seau et couvercle)<\/li>\n<p>\n    <\/ul>\n<\/p>\n<p><\/p>\n","protected":false},"featured_media":22948,"template":"","meta":{"_acf_changed":false},"product_brand":[],"product_cat":[51],"product_tag":[],"class_list":{"0":"post-22460","1":"product","2":"type-product","3":"status-publish","4":"has-post-thumbnail","6":"product_cat-seaux","7":"pa_buegelart-plastique","8":"pa_durchmesser-270-fr","9":"pa_erstoeffnungsgarantie-oui","10":"pa_farbe-blanc","11":"pa_form-rond","12":"pa_gefahrgutzulassung-un-non","13":"pa_hoehe-263-fr","14":"pa_iso-volumen-10-8-fr","15":"pa_lebensmittelzulassung-oui","16":"pa_material-polypropylene","17":"pa_randvoll-volumen-11-5-fr","18":"pa_verschlusseigenschaft-a-cliquet","20":"first","21":"instock","22":"taxable","23":"shipping-taxable","24":"purchasable","25":"product-type-simple"},"acf":[],"tiered_pricing_type":"fixed","tiered_pricing_fixed_rules":{"50":"1.85","300":"1.70","600":"1.45"},"tiered_pricing_product_settings":{"layout":"default","base_unit_name":{"singular":null,"plural":null},"default_variation":null},"tiered_pricing_minimum_quantity":null,"tiered_pricing_roles_data":[],"tiered_pricing_percentage_rules":[],"_links":{"self":[{"href":"https:\/\/www.packstar.ch\/fr\/wp-json\/wp\/v2\/product\/22460","targetHints":{"allow":["GET"]}}],"collection":[{"href":"https:\/\/www.packstar.ch\/fr\/wp-json\/wp\/v2\/product"}],"about":[{"href":"https:\/\/www.packstar.ch\/fr\/wp-json\/wp\/v2\/types\/product"}],"wp:featuredmedia":[{"embeddable":true,"href":"https:\/\/www.packstar.ch\/fr\/wp-json\/wp\/v2\/media\/22948"}],"wp:attachment":[{"href":"https:\/\/www.packstar.ch\/fr\/wp-json\/wp\/v2\/media?parent=22460"}],"wp:term":[{"taxonomy":"product_brand","embeddable":true,"href":"https:\/\/www.packstar.ch\/fr\/wp-json\/wp\/v2\/product_brand?post=22460"},{"taxonomy":"product_cat","embeddable":true,"href":"https:\/\/www.packstar.ch\/fr\/wp-json\/wp\/v2\/product_cat?post=22460"},{"taxonomy":"product_tag","embeddable":true,"href":"https:\/\/www.packstar.ch\/fr\/wp-json\/wp\/v2\/product_tag?post=22460"}],"curies":[{"name":"wp","href":"https:\/\/api.w.org\/{rel}","templated":true}]}}