{"id":22462,"date":"2025-03-17T16:17:34","date_gmt":"2025-03-17T16:17:37","guid":{"rendered":"https:\/\/www.packstar.ch\/produkt\/seau-jet-44-4-5-litre\/"},"modified":"2026-03-27T09:23:12","modified_gmt":"2026-03-27T09:23:12","slug":"seau-jet-44-4-5-litre","status":"publish","type":"product","link":"https:\/\/www.packstar.ch\/fr\/produkt\/seau-jet-44-4-5-litre\/","title":{"rendered":"Seau JET 44 (4.5 Litre)"},"content":{"rendered":"<p>La s\u00e9rie JET, nos seaux ronds, a \u00e9t\u00e9 sp\u00e9cialement con\u00e7ue pour le stockage des produits alimentaires, chimiques et de mat\u00e9riaux de construction. Le mod\u00e8le polyvalent \u00e9prouv\u00e9 de Jokey SE est disponible chez nous avec un volume plein \u00e0 ras bord de 120 ml \u00e0 32 litres. Le r\u00e9cipient est dot\u00e9 d&#8217;une garantie de premi\u00e8re ouverture qui assure que le seau est enti\u00e8rement ferm\u00e9 et intact lors de la premi\u00e8re utilisation.<\/p>\n","protected":false},"excerpt":{"rendered":"<ul><\/p>\n<li>Seau rond de Jokey avec anse en plastique <\/li>\n<p><\/p>\n<li>Volume : 4.5 litre <\/li>\n<p><\/p>\n<li>Mat\u00e9riel : polypropyl\u00e8ne (PP) sans risque pour produits alimentaires <\/li>\n<p><\/p>\n<li>Couleur : blanc <\/li>\n<p><\/p>\n<li>Diam\u00e8tre sup\u00e9rieur diam\u00e8tre : 225 mm <\/li>\n<p><\/p>\n<li>Hauteur : 157 mm <\/li>\n<p><\/p>\n<li>Appropri\u00e9 pour produits alimentaires, couleurs, etc. <\/li>\n<p><\/p>\n<li>Couvercle : DET225P <\/li>\n<p><\/p>\n<li>Poids \/ pi\u00e8ce en kg : 0.170 (seau et couvercle)<\/li>\n<p>\n    <\/ul>\n<\/p>\n<p><\/p>\n","protected":false},"featured_media":23172,"template":"","meta":{"_acf_changed":false},"product_brand":[],"product_cat":[51],"product_tag":[],"class_list":{"0":"post-22462","1":"product","2":"type-product","3":"status-publish","4":"has-post-thumbnail","6":"product_cat-seaux","7":"pa_buegelart-plastique","8":"pa_durchmesser-227-fr","9":"pa_erstoeffnungsgarantie-oui","10":"pa_farbe-blanc","11":"pa_form-rond","12":"pa_gefahrgutzulassung-un-non","13":"pa_hoehe-156-fr","14":"pa_iso-volumen-4-5-fr","15":"pa_lebensmittelzulassung-oui","16":"pa_material-polypropylene","17":"pa_randvoll-volumen-4-9-fr","18":"pa_verschlusseigenschaft-a-cliquet","20":"first","21":"instock","22":"taxable","23":"shipping-taxable","24":"purchasable","25":"product-type-simple"},"acf":[],"tiered_pricing_type":"fixed","tiered_pricing_fixed_rules":{"100":"1.30","540":"1.20","1080":"0.85"},"tiered_pricing_product_settings":{"layout":"default","base_unit_name":{"singular":null,"plural":null},"default_variation":null},"tiered_pricing_minimum_quantity":null,"tiered_pricing_roles_data":[],"tiered_pricing_percentage_rules":[],"_links":{"self":[{"href":"https:\/\/www.packstar.ch\/fr\/wp-json\/wp\/v2\/product\/22462","targetHints":{"allow":["GET"]}}],"collection":[{"href":"https:\/\/www.packstar.ch\/fr\/wp-json\/wp\/v2\/product"}],"about":[{"href":"https:\/\/www.packstar.ch\/fr\/wp-json\/wp\/v2\/types\/product"}],"wp:featuredmedia":[{"embeddable":true,"href":"https:\/\/www.packstar.ch\/fr\/wp-json\/wp\/v2\/media\/23172"}],"wp:attachment":[{"href":"https:\/\/www.packstar.ch\/fr\/wp-json\/wp\/v2\/media?parent=22462"}],"wp:term":[{"taxonomy":"product_brand","embeddable":true,"href":"https:\/\/www.packstar.ch\/fr\/wp-json\/wp\/v2\/product_brand?post=22462"},{"taxonomy":"product_cat","embeddable":true,"href":"https:\/\/www.packstar.ch\/fr\/wp-json\/wp\/v2\/product_cat?post=22462"},{"taxonomy":"product_tag","embeddable":true,"href":"https:\/\/www.packstar.ch\/fr\/wp-json\/wp\/v2\/product_tag?post=22462"}],"curies":[{"name":"wp","href":"https:\/\/api.w.org\/{rel}","templated":true}]}}