{"id":22673,"date":"2025-03-17T16:35:26","date_gmt":"2025-03-17T16:35:29","guid":{"rendered":"https:\/\/www.packstar.ch\/produkt\/seau-jet2-180-17-7-litre\/"},"modified":"2026-03-30T09:31:55","modified_gmt":"2026-03-30T09:31:55","slug":"seau-jet2-180-17-7-litre","status":"publish","type":"product","link":"https:\/\/www.packstar.ch\/fr\/produkt\/seau-jet2-180-17-7-litre\/","title":{"rendered":"Seau JET2+ 180 (17.7 Litre)"},"content":{"rendered":"<p>Les seaux en plastique JET2+ avec un syst\u00e8me de fermeture nouvellement optimis\u00e9 et plus facile \u00e0 utilisersont. Ils sont 100% dans l&#8217;agitateur, fixe sur la palette, le syst\u00e8me de bord de couvercle innovant rend tout cela possible. Un outil indispensable aussi bien dans le secteur de la construction que dans l&#8217;industrie alimentaire. Avec sa construction robuste et sa capacit\u00e9 g\u00e9n\u00e9reuse, ce seau offre une solution fiable pour le stockage et le transport de mat\u00e9riaux de construction ainsi que de denr\u00e9es alimentaires et autres produits.<\/p>\n","protected":false},"excerpt":{"rendered":"<ul><\/p>\n<li>Seau rond de Jokey avec anse en plastique <\/li>\n<p><\/p>\n<li>Volume : 17.7 litre <\/li>\n<p><\/p>\n<li>Mat\u00e9riel : polypropyl\u00e8ne (PP) sans risque pour produits alimentaires <\/li>\n<p><\/p>\n<li>Couleur : blanc <\/li>\n<p><\/p>\n<li>Diam\u00e8tre sup\u00e9rieur : 323 mm <\/li>\n<p><\/p>\n<li>Hauteur : 286 mm <\/li>\n<p><\/p>\n<li>Appropri\u00e9 pour produits alimentaires, couleurs, etc. <\/li>\n<p><\/p>\n<li>Couvercle : DET2+ 323 <\/li>\n<p><\/p>\n<li>Poids \/ pi\u00e8ce en kg : 0.553 (seau et couvercle)<\/li>\n<p>\n    <\/ul><\/p>\n","protected":false},"featured_media":23736,"template":"","meta":{"_acf_changed":false},"product_brand":[],"product_cat":[51],"product_tag":[],"class_list":{"0":"post-22673","1":"product","2":"type-product","3":"status-publish","4":"has-post-thumbnail","6":"product_cat-seaux","7":"pa_buegelart-plastique","8":"pa_durchmesser-323-fr","9":"pa_erstoeffnungsgarantie-oui","10":"pa_farbe-blanc","11":"pa_form-rond","12":"pa_gefahrgutzulassung-un-non","13":"pa_hoehe-286-fr","14":"pa_iso-volumen-17-7-fr","15":"pa_lebensmittelzulassung-oui","16":"pa_material-polypropylene","17":"pa_randvoll-volumen-18-95-fr","18":"pa_verschlusseigenschaft-a-cliquet","20":"first","21":"instock","22":"taxable","23":"shipping-taxable","24":"purchasable","25":"product-type-simple"},"acf":[],"tiered_pricing_type":"fixed","tiered_pricing_fixed_rules":{"50":"3.20","160":"2.90","320":"2.50"},"tiered_pricing_product_settings":{"layout":"default","base_unit_name":{"singular":null,"plural":null},"default_variation":null},"tiered_pricing_minimum_quantity":null,"tiered_pricing_roles_data":[],"tiered_pricing_percentage_rules":[],"_links":{"self":[{"href":"https:\/\/www.packstar.ch\/fr\/wp-json\/wp\/v2\/product\/22673","targetHints":{"allow":["GET"]}}],"collection":[{"href":"https:\/\/www.packstar.ch\/fr\/wp-json\/wp\/v2\/product"}],"about":[{"href":"https:\/\/www.packstar.ch\/fr\/wp-json\/wp\/v2\/types\/product"}],"wp:featuredmedia":[{"embeddable":true,"href":"https:\/\/www.packstar.ch\/fr\/wp-json\/wp\/v2\/media\/23736"}],"wp:attachment":[{"href":"https:\/\/www.packstar.ch\/fr\/wp-json\/wp\/v2\/media?parent=22673"}],"wp:term":[{"taxonomy":"product_brand","embeddable":true,"href":"https:\/\/www.packstar.ch\/fr\/wp-json\/wp\/v2\/product_brand?post=22673"},{"taxonomy":"product_cat","embeddable":true,"href":"https:\/\/www.packstar.ch\/fr\/wp-json\/wp\/v2\/product_cat?post=22673"},{"taxonomy":"product_tag","embeddable":true,"href":"https:\/\/www.packstar.ch\/fr\/wp-json\/wp\/v2\/product_tag?post=22673"}],"curies":[{"name":"wp","href":"https:\/\/api.w.org\/{rel}","templated":true}]}}