{"id":22697,"date":"2025-03-17T16:36:35","date_gmt":"2025-03-17T16:36:38","guid":{"rendered":"https:\/\/www.packstar.ch\/produkt\/boite-jsp-11072-1-2-litre\/"},"modified":"2026-05-01T07:15:24","modified_gmt":"2026-05-01T07:15:24","slug":"boite-jsp-11072-1-2-litre","status":"publish","type":"product","link":"https:\/\/www.packstar.ch\/fr\/produkt\/boite-jsp-11072-1-2-litre\/","title":{"rendered":"Bo\u00eete JSP 11072 (1.2 Litre)"},"content":{"rendered":"<p>La JSP 110720 fait partie de notre nouvelle s\u00e9rie all\u00e9g\u00e9e, bas\u00e9e sur le programme standard JETB qui a fait ses preuves. Gr\u00e2ce \u00e0 son poids r\u00e9duit, les \u00e9missions de CO\u2082 diminuent \u00e9galement, ce qui en fait un \u00e9l\u00e9ment de notre ligne ECO.<br \/>\nLa bo\u00eete de 1 litre offre une solution pr\u00e9cise pour l\u2019industrie laiti\u00e8re : elle est parfaitement adapt\u00e9e aux caisses Migros A1, compatible avec les denr\u00e9es alimentaires et, comme toutes nos bo\u00eetes, \u00e9quip\u00e9e d\u2019une garantie de premi\u00e8re ouverture.<\/p>\n","protected":false},"excerpt":{"rendered":"<p>La JSP 110720 fait partie de notre nouvelle s\u00e9rie all\u00e9g\u00e9e, bas\u00e9e sur le programme standard JETB qui a fait ses preuves. Gr\u00e2ce \u00e0 son poids r\u00e9duit, les \u00e9missions de CO\u2082 diminuent \u00e9galement, ce qui en fait un \u00e9l\u00e9ment de notre ligne ECO. La bo\u00eete de 1 litre offre une solution pr\u00e9cise pour l\u2019industrie laiti\u00e8re : [&hellip;]<\/p>\n","protected":false},"featured_media":23864,"template":"","meta":{"_acf_changed":false},"product_brand":[],"product_cat":[52],"product_tag":[],"class_list":{"0":"post-22697","1":"product","2":"type-product","3":"status-publish","4":"has-post-thumbnail","6":"product_cat-boites","7":"pa_buegelart-plastique","8":"pa_durchmesser-132-fr","9":"pa_erstoeffnungsgarantie-oui","10":"pa_farbe-blanc","11":"pa_form-rond","12":"pa_gefahrgutzulassung-un-non","13":"pa_hoehe-113-5-fr","14":"pa_iso-volumen-1-1-fr","15":"pa_lebensmittelzulassung-oui","16":"pa_material-polypropylene","17":"pa_randvoll-volumen-1-2-fr","18":"pa_verschlusseigenschaft-a-cliquet","20":"first","21":"instock","22":"taxable","23":"shipping-taxable","24":"purchasable","25":"product-type-simple"},"acf":[],"tiered_pricing_type":"fixed","tiered_pricing_fixed_rules":{"100":"0.42","1632":"0.38","3264":"0.29"},"tiered_pricing_product_settings":{"layout":"default","base_unit_name":{"singular":null,"plural":null},"default_variation":null},"tiered_pricing_minimum_quantity":null,"tiered_pricing_roles_data":[],"tiered_pricing_percentage_rules":[],"_links":{"self":[{"href":"https:\/\/www.packstar.ch\/fr\/wp-json\/wp\/v2\/product\/22697","targetHints":{"allow":["GET"]}}],"collection":[{"href":"https:\/\/www.packstar.ch\/fr\/wp-json\/wp\/v2\/product"}],"about":[{"href":"https:\/\/www.packstar.ch\/fr\/wp-json\/wp\/v2\/types\/product"}],"wp:featuredmedia":[{"embeddable":true,"href":"https:\/\/www.packstar.ch\/fr\/wp-json\/wp\/v2\/media\/23864"}],"wp:attachment":[{"href":"https:\/\/www.packstar.ch\/fr\/wp-json\/wp\/v2\/media?parent=22697"}],"wp:term":[{"taxonomy":"product_brand","embeddable":true,"href":"https:\/\/www.packstar.ch\/fr\/wp-json\/wp\/v2\/product_brand?post=22697"},{"taxonomy":"product_cat","embeddable":true,"href":"https:\/\/www.packstar.ch\/fr\/wp-json\/wp\/v2\/product_cat?post=22697"},{"taxonomy":"product_tag","embeddable":true,"href":"https:\/\/www.packstar.ch\/fr\/wp-json\/wp\/v2\/product_tag?post=22697"}],"curies":[{"name":"wp","href":"https:\/\/api.w.org\/{rel}","templated":true}]}}