{"id":22756,"date":"2025-03-17T16:41:23","date_gmt":"2025-03-17T16:41:26","guid":{"rendered":"https:\/\/www.packstar.ch\/produkt\/seau-jetr-160-p-16-6-litre\/"},"modified":"2026-04-02T06:42:27","modified_gmt":"2026-04-02T06:42:27","slug":"seau-jetr-160-p-16-6-litre","status":"publish","type":"product","link":"https:\/\/www.packstar.ch\/fr\/produkt\/seau-jetr-160-p-16-6-litre\/","title":{"rendered":"Seau JETR 160 P (16.6 Litre)"},"content":{"rendered":"<p>La s\u00e9rie JETR nos \u00e9conomiseurs d&#8217;espace id\u00e9aux. Gr\u00e2ce \u00e0 leur forme carr\u00e9e, ils prennent jusqu&#8217;\u00e0 30% de place en moins que les seaux ronds sur les \u00e9tag\u00e8res ou les palettes. Ses c\u00f4t\u00e9s droits offrent une tr\u00e8s belle surface pour votre publicit\u00e9. En outre, ils sont tous de qualit\u00e9 alimentaire et sont dot\u00e9s d&#8217;une garantie de premi\u00e8re ouverture.<\/p>\n","protected":false},"excerpt":{"rendered":"<ul><\/p>\n<li>Seau rectangulaire de Jokey avec anse en plastique <\/li>\n<p><\/p>\n<li>Volume : 16.6 litre <\/li>\n<p><\/p>\n<li>Mat\u00e9riel : polypropyl\u00e8ne (PP) sans risque pour produits alimentaires <\/li>\n<p><\/p>\n<li>Couleur : blanc <\/li>\n<p><\/p>\n<li>Format : 372 x 240 mm <\/li>\n<p><\/p>\n<li>Hauteur : 266 mm<\/li>\n<p><\/p>\n<li>Appropri\u00e9 pour produits alimentaires, couleurs, etc. <\/li>\n<p><\/p>\n<li>Couvercle : DETR125P <\/li>\n<p><\/p>\n<li>Poids \/ pi\u00e8ce en kg : 0.715 (seau et couvercle)<\/li>\n<p>\n    <\/ul>\n<\/p>\n<p><\/p>\n","protected":false},"featured_media":23038,"template":"","meta":{"_acf_changed":false},"product_brand":[],"product_cat":[51],"product_tag":[],"class_list":{"0":"post-22756","1":"product","2":"type-product","3":"status-publish","4":"has-post-thumbnail","6":"product_cat-seaux","7":"pa_breite-240-fr","8":"pa_buegelart-plastique","9":"pa_erstoeffnungsgarantie-oui","10":"pa_farbe-blanc","11":"pa_form-angulaire","12":"pa_gefahrgutzulassung-un-non","13":"pa_hoehe-265-fr","14":"pa_iso-volumen-16-6-fr","15":"pa_laenge-372-fr","16":"pa_lebensmittelzulassung-oui","17":"pa_material-polypropylene","18":"pa_randvoll-volumen-17-9-fr","19":"pa_verschlusseigenschaft-a-cliquet","21":"first","22":"instock","23":"taxable","24":"shipping-taxable","25":"purchasable","26":"product-type-simple"},"acf":[],"tiered_pricing_type":"fixed","tiered_pricing_fixed_rules":{"100":"4.27","250":"3.81","500":"2.87"},"tiered_pricing_product_settings":{"layout":"default","base_unit_name":{"singular":null,"plural":null},"default_variation":null},"tiered_pricing_minimum_quantity":null,"tiered_pricing_roles_data":[],"tiered_pricing_percentage_rules":[],"_links":{"self":[{"href":"https:\/\/www.packstar.ch\/fr\/wp-json\/wp\/v2\/product\/22756","targetHints":{"allow":["GET"]}}],"collection":[{"href":"https:\/\/www.packstar.ch\/fr\/wp-json\/wp\/v2\/product"}],"about":[{"href":"https:\/\/www.packstar.ch\/fr\/wp-json\/wp\/v2\/types\/product"}],"wp:featuredmedia":[{"embeddable":true,"href":"https:\/\/www.packstar.ch\/fr\/wp-json\/wp\/v2\/media\/23038"}],"wp:attachment":[{"href":"https:\/\/www.packstar.ch\/fr\/wp-json\/wp\/v2\/media?parent=22756"}],"wp:term":[{"taxonomy":"product_brand","embeddable":true,"href":"https:\/\/www.packstar.ch\/fr\/wp-json\/wp\/v2\/product_brand?post=22756"},{"taxonomy":"product_cat","embeddable":true,"href":"https:\/\/www.packstar.ch\/fr\/wp-json\/wp\/v2\/product_cat?post=22756"},{"taxonomy":"product_tag","embeddable":true,"href":"https:\/\/www.packstar.ch\/fr\/wp-json\/wp\/v2\/product_tag?post=22756"}],"curies":[{"name":"wp","href":"https:\/\/api.w.org\/{rel}","templated":true}]}}