{"id":22854,"date":"2025-03-17T16:48:18","date_gmt":"2025-03-17T16:48:20","guid":{"rendered":"https:\/\/www.packstar.ch\/produkt\/bidon-60-litre-est-60l-2850g-nature\/"},"modified":"2026-03-30T13:25:58","modified_gmt":"2026-03-30T13:25:58","slug":"bidon-60-litre-est-60l-2850g-nature","status":"publish","type":"product","link":"https:\/\/www.packstar.ch\/fr\/produkt\/bidon-60-litre-est-60l-2850g-nature\/","title":{"rendered":"Bidon 60 litre EST 60L 2850g nature"},"content":{"rendered":"<p>Nos bidons de la soci\u00e9t\u00e9 AST sont disponibles dans toutes les tailles courantes. Les produits de qualit\u00e9 allemande r\u00e9pondent \u00e0 toutes les exigences et se distinguent par leur qualit\u00e9 et leur haut niveau. Ils sont enti\u00e8rement vidables, adapt\u00e9s au contact alimentaire, homologu\u00e9s par l&#8217;ONU (UN) et donc id\u00e9alement utilisables pour les produits dangereux tels que Solutions alcalines, l&#8217;huile, les graisses, etc. et ont bien s\u00fbr une s\u00e9curit\u00e9 enfants.<\/p>\n","protected":false},"excerpt":{"rendered":"<ul><\/p>\n<li>Bidon en plastique AST<\/li>\n<p>\n      &nbsp;<\/li>\n<p><\/p>\n<li>Contenu: 60 litres<\/li>\n<p><\/p>\n<li>Couleur: Blanc (nature)<\/li>\n<p><\/p>\n<li>Format : 395x345mm<\/li>\n<p><\/p>\n<li>Hauteur : 645 mm<\/li>\n<p><\/p>\n<li>Empilable<\/li>\n<p><\/p>\n<li>Bouchon: n \u00b0 71 (Diam\u00e8tre 58mm), noir <\/li>\n<p><\/p>\n<li>Poids \/ unit\u00e9 en kg : 2.850<\/li>\n<p>\n      &nbsp;<\/li>\n<p><\/p>\n<li>Mat\u00e9riel: poly\u00e9thyl\u00e8ne, la qualit\u00e9 des aliments, a approuv\u00e9 comme emballage s\u00e9curit\u00e9 \u00e0 l\u2019enfant, conform\u00e9ment \u00e0 la norme DIN EN 28 317 utilis\u00e9 pour de nombreuses marchandises dangereuses (autorisation de mise sur le march\u00e9 UN X1.9)<\/li>\n<p>\n      &nbsp;<\/li>\n<p>\n    <\/ul><\/p>\n","protected":false},"featured_media":23318,"template":"","meta":{"_acf_changed":false},"product_brand":[],"product_cat":[54],"product_tag":[],"class_list":{"0":"post-22854","1":"product","2":"type-product","3":"status-publish","4":"has-post-thumbnail","6":"product_cat-jerricanes","7":"product_shipping_class-xl-fr","8":"pa_breite-345-fr","9":"pa_erstoeffnungsgarantie-oui","10":"pa_farbe-nature","11":"pa_form-angulaire","12":"pa_gefahrgutzulassung-un-oui","13":"pa_hoehe-648-fr","14":"pa_iso-volumen-60-fr","15":"pa_laenge-395-fr","16":"pa_lebensmittelzulassung-oui","17":"pa_material-polyethylene-hd","18":"pa_randvoll-volumen-66-fr","19":"pa_verschlusseigenschaft-bouchon-a-vis-din-71","21":"first","22":"instock","23":"taxable","24":"shipping-taxable","25":"purchasable","26":"product-type-simple"},"acf":[],"tiered_pricing_type":"fixed","tiered_pricing_fixed_rules":{"6":"42.00","12":"35.00","18":"28.10"},"tiered_pricing_product_settings":{"layout":"default","base_unit_name":{"singular":null,"plural":null},"default_variation":null},"tiered_pricing_minimum_quantity":null,"tiered_pricing_roles_data":[],"tiered_pricing_percentage_rules":[],"_links":{"self":[{"href":"https:\/\/www.packstar.ch\/fr\/wp-json\/wp\/v2\/product\/22854","targetHints":{"allow":["GET"]}}],"collection":[{"href":"https:\/\/www.packstar.ch\/fr\/wp-json\/wp\/v2\/product"}],"about":[{"href":"https:\/\/www.packstar.ch\/fr\/wp-json\/wp\/v2\/types\/product"}],"wp:featuredmedia":[{"embeddable":true,"href":"https:\/\/www.packstar.ch\/fr\/wp-json\/wp\/v2\/media\/23318"}],"wp:attachment":[{"href":"https:\/\/www.packstar.ch\/fr\/wp-json\/wp\/v2\/media?parent=22854"}],"wp:term":[{"taxonomy":"product_brand","embeddable":true,"href":"https:\/\/www.packstar.ch\/fr\/wp-json\/wp\/v2\/product_brand?post=22854"},{"taxonomy":"product_cat","embeddable":true,"href":"https:\/\/www.packstar.ch\/fr\/wp-json\/wp\/v2\/product_cat?post=22854"},{"taxonomy":"product_tag","embeddable":true,"href":"https:\/\/www.packstar.ch\/fr\/wp-json\/wp\/v2\/product_tag?post=22854"}],"curies":[{"name":"wp","href":"https:\/\/api.w.org\/{rel}","templated":true}]}}