{"id":22858,"date":"2025-03-17T16:50:28","date_gmt":"2025-03-17T16:50:31","guid":{"rendered":"https:\/\/www.packstar.ch\/produkt\/bidon-2-5l-kt-2-5l-125g-nature\/"},"modified":"2026-05-04T09:11:39","modified_gmt":"2026-05-04T09:11:39","slug":"bidon-2-5l-kt-2-5l-125g-nature","status":"publish","type":"product","link":"https:\/\/www.packstar.ch\/fr\/produkt\/bidon-2-5l-kt-2-5l-125g-nature\/","title":{"rendered":"Bidon 2.5L (KT 2.5L\/125g) nature"},"content":{"rendered":"<p>Nos bidons sont disponibles dans toutes les tailles courantes. Les produits de qualit\u00e9 allemande r\u00e9pondent \u00e0 toutes les exigences et se distinguent par leur qualit\u00e9 et leur haut niveau. Ils peuvent \u00eatre enti\u00e8rement vid\u00e9s, conviennent pour les denr\u00e9es alimentaires, sont homologu\u00e9s par l&#8217;ONU et peuvent donc \u00eatre utilis\u00e9s de mani\u00e8re id\u00e9ale pour les produits dangereux tels que les lessives, les huiles, les graisses, etc. Marquage UN : UN 3H1\/Y 1.6<\/p>\n","protected":false},"excerpt":{"rendered":"<ul><\/p>\n<li>Bidon en plastique <\/li>\n<p>\n      &nbsp;<\/li>\n<p><\/p>\n<li>Contenu: 2.5 litres<\/li>\n<p><\/p>\n<li>Couleur: Blanc(nature)<\/li>\n<p><\/p>\n<li>Format : 153x115mm<\/li>\n<p><\/p>\n<li>Hauteur : 208 mm<\/li>\n<p><\/p>\n<li>Empilable<\/li>\n<p><\/p>\n<li>Bouchon: n \u00b0 45 (Diam\u00e8tre 34.6mm), noir <\/li>\n<p><\/p>\n<li>Poids \/ unit\u00e9 en kg : 0,125\/li&gt;<br \/>\n      &nbsp;<\/li>\n<p><\/p>\n<li>Mat\u00e9riel: poly\u00e9thyl\u00e8ne, la qualit\u00e9 des aliments, a approuv\u00e9 comme emballage s\u00e9curit\u00e9 \u00e0 l\u2019enfant, conform\u00e9ment \u00e0 la norme DIN EN 28 317 utilis\u00e9 pour de nombreuses marchandises dangereuses (autorisation de mise sur le march\u00e9 UN 3H1\/Y1.6)<\/li>\n<p>\n      &nbsp;<\/li>\n<p>\n    <\/ul><\/p>\n","protected":false},"featured_media":23416,"template":"","meta":{"_acf_changed":false},"product_brand":[],"product_cat":[54],"product_tag":[],"class_list":{"0":"post-22858","1":"product","2":"type-product","3":"status-publish","4":"has-post-thumbnail","6":"product_cat-jerricanes","7":"product_shipping_class-xs-fr","8":"pa_breite-115-00-fr","9":"pa_erstoeffnungsgarantie-oui","10":"pa_farbe-nature","11":"pa_form-angulaire","12":"pa_gefahrgutzulassung-un-oui","13":"pa_hoehe-208-fr","14":"pa_iso-volumen-2-5-fr","15":"pa_laenge-153-fr","16":"pa_lebensmittelzulassung-oui","17":"pa_material-polyethylene-hd","18":"pa_randvoll-volumen-2-6-fr","19":"pa_verschlusseigenschaft-bouchon-a-vis-din-45","21":"first","22":"instock","23":"taxable","24":"shipping-taxable","25":"purchasable","26":"product-type-simple"},"acf":[],"tiered_pricing_type":"fixed","tiered_pricing_fixed_rules":{"100":"2.40","300":"1.60"},"tiered_pricing_product_settings":{"layout":"default","base_unit_name":{"singular":null,"plural":null},"default_variation":null},"tiered_pricing_minimum_quantity":null,"tiered_pricing_roles_data":[],"tiered_pricing_percentage_rules":[],"_links":{"self":[{"href":"https:\/\/www.packstar.ch\/fr\/wp-json\/wp\/v2\/product\/22858","targetHints":{"allow":["GET"]}}],"collection":[{"href":"https:\/\/www.packstar.ch\/fr\/wp-json\/wp\/v2\/product"}],"about":[{"href":"https:\/\/www.packstar.ch\/fr\/wp-json\/wp\/v2\/types\/product"}],"wp:featuredmedia":[{"embeddable":true,"href":"https:\/\/www.packstar.ch\/fr\/wp-json\/wp\/v2\/media\/23416"}],"wp:attachment":[{"href":"https:\/\/www.packstar.ch\/fr\/wp-json\/wp\/v2\/media?parent=22858"}],"wp:term":[{"taxonomy":"product_brand","embeddable":true,"href":"https:\/\/www.packstar.ch\/fr\/wp-json\/wp\/v2\/product_brand?post=22858"},{"taxonomy":"product_cat","embeddable":true,"href":"https:\/\/www.packstar.ch\/fr\/wp-json\/wp\/v2\/product_cat?post=22858"},{"taxonomy":"product_tag","embeddable":true,"href":"https:\/\/www.packstar.ch\/fr\/wp-json\/wp\/v2\/product_tag?post=22858"}],"curies":[{"name":"wp","href":"https:\/\/api.w.org\/{rel}","templated":true}]}}