{"id":22866,"date":"2025-03-17T16:50:53","date_gmt":"2025-03-17T16:50:55","guid":{"rendered":"https:\/\/www.packstar.ch\/produkt\/bidon-dessence-10l-655g-rouge-avec-bouchon\/"},"modified":"2026-02-27T09:46:33","modified_gmt":"2026-02-27T09:46:33","slug":"bidon-dessence-10l-655g-rouge-avec-bouchon","status":"publish","type":"product","link":"https:\/\/www.packstar.ch\/fr\/produkt\/bidon-dessence-10l-655g-rouge-avec-bouchon\/","title":{"rendered":"Bidon d&#8217;essence 10L (655g) rouge avec bouchon"},"content":{"rendered":"<p>Nos bidons d&#8217;essence, les bidons multicouches, sont sp\u00e9cialement con\u00e7us pour le stockage et le transport d&#8217;essence et d&#8217;huile. Ces bidons sont livr\u00e9s avec le tuyau de d\u00e9versement flexible et ne doivent donc pas \u00eatre command\u00e9s s\u00e9par\u00e9ment.<\/p>\n","protected":false},"excerpt":{"rendered":"<ul><\/p>\n<li>Bidon d&#8217;essence en plastique avec ligne de visibilit\u00e9 <\/li>\n<p>\n      <\/li>\n<p><\/p>\n<li>Contenu: 10 litres<\/li>\n<p><\/p>\n<li>Couleur: rouge<\/li>\n<p><\/p>\n<li>Format : 310x190mm<\/li>\n<p><\/p>\n<li>Hauteur : 280 mm<\/li>\n<p><\/p>\n<li>Bouchon: Diam\u00e8tre 31mm, noir <\/li>\n<p><\/p>\n<li>Poids \/ unit\u00e9 en kg : 0,655<\/li>\n<p>\n      &nbsp;<\/li>\n<p><\/p>\n<li>Mat\u00e9riel: Poly\u00e9thyl\u00e8ne haute densit\u00e9<\/li>\n<p>\n      &nbsp;<\/li>\n<p><\/p>\n<li>Caract\u00e9ristiques: <\/li>\n<p><\/p>\n<li>Bidon \u00e0 1 bonde avec poign\u00e9e centrale int\u00e9gr\u00e9e<\/li>\n<p><\/p>\n<li>Avec bouchon bec-verseur flexible int\u00e9gr\u00e9 <\/li>\n<p><\/p>\n<li>Convient pour l&#8217;essence (homologu\u00e9 UN: 3H1\/Y1.2\/150) <\/li>\n<\/ul>\n","protected":false},"featured_media":23648,"template":"","meta":{"_acf_changed":false},"product_brand":[],"product_cat":[54],"product_tag":[],"class_list":{"0":"post-22866","1":"product","2":"type-product","3":"status-publish","4":"has-post-thumbnail","6":"product_cat-jerricanes","7":"product_shipping_class-xs-fr","8":"pa_breite-190-fr","9":"pa_erstoeffnungsgarantie-oui","10":"pa_farbe-rouge","11":"pa_form-angulaire","12":"pa_gefahrgutzulassung-un-oui","13":"pa_hoehe-280-fr","14":"pa_iso-volumen-10-fr","15":"pa_laenge-310-fr","16":"pa_lebensmittelzulassung-non","17":"pa_material-polyethylene-hd","18":"pa_verschlusseigenschaft-bouchon-a-vis","20":"first","21":"onbackorder","22":"sale","23":"taxable","24":"shipping-taxable","25":"purchasable","26":"product-type-simple"},"acf":[],"tiered_pricing_type":"fixed","tiered_pricing_fixed_rules":{"16":"14.89","33":"14.30","66":"12.61","132":"10.74"},"tiered_pricing_product_settings":{"layout":"default","base_unit_name":{"singular":null,"plural":null},"default_variation":null},"tiered_pricing_minimum_quantity":null,"tiered_pricing_roles_data":[],"tiered_pricing_percentage_rules":[],"_links":{"self":[{"href":"https:\/\/www.packstar.ch\/fr\/wp-json\/wp\/v2\/product\/22866","targetHints":{"allow":["GET"]}}],"collection":[{"href":"https:\/\/www.packstar.ch\/fr\/wp-json\/wp\/v2\/product"}],"about":[{"href":"https:\/\/www.packstar.ch\/fr\/wp-json\/wp\/v2\/types\/product"}],"wp:featuredmedia":[{"embeddable":true,"href":"https:\/\/www.packstar.ch\/fr\/wp-json\/wp\/v2\/media\/23648"}],"wp:attachment":[{"href":"https:\/\/www.packstar.ch\/fr\/wp-json\/wp\/v2\/media?parent=22866"}],"wp:term":[{"taxonomy":"product_brand","embeddable":true,"href":"https:\/\/www.packstar.ch\/fr\/wp-json\/wp\/v2\/product_brand?post=22866"},{"taxonomy":"product_cat","embeddable":true,"href":"https:\/\/www.packstar.ch\/fr\/wp-json\/wp\/v2\/product_cat?post=22866"},{"taxonomy":"product_tag","embeddable":true,"href":"https:\/\/www.packstar.ch\/fr\/wp-json\/wp\/v2\/product_tag?post=22866"}],"curies":[{"name":"wp","href":"https:\/\/api.w.org\/{rel}","templated":true}]}}