{"id":22868,"date":"2025-03-17T16:50:58","date_gmt":"2025-03-17T16:51:01","guid":{"rendered":"https:\/\/www.packstar.ch\/produkt\/bidon-dessence-20l-1000g-rouge-avec-bouchon\/"},"modified":"2026-04-01T07:44:20","modified_gmt":"2026-04-01T07:44:20","slug":"bidon-dessence-20l-1000g-rouge-avec-bouchon","status":"publish","type":"product","link":"https:\/\/www.packstar.ch\/fr\/produkt\/bidon-dessence-20l-1000g-rouge-avec-bouchon\/","title":{"rendered":"Bidon d&#8217;essence 20L (1000g) rouge avec bouchon"},"content":{"rendered":"<p>Nos bidons d&#8217;essence, les bidons multicouches, sont sp\u00e9cialement con\u00e7us pour le stockage et le transport d&#8217;essence et d&#8217;huile. Ces bidons sont livr\u00e9s avec le tuyau de d\u00e9versement flexible et ne doivent donc pas \u00eatre command\u00e9s s\u00e9par\u00e9ment.<\/p>\n","protected":false},"excerpt":{"rendered":"<p>Nos bidons d&#8217;essence, les bidons multicouches, sont sp\u00e9cialement con\u00e7us pour le stockage et le transport d&#8217;essence et d&#8217;huile. Ces bidons sont livr\u00e9s avec le tuyau de d\u00e9versement flexible et ne doivent donc pas \u00eatre command\u00e9s s\u00e9par\u00e9ment.<\/p>\n","protected":false},"featured_media":23650,"template":"","meta":{"_acf_changed":false},"product_brand":[],"product_cat":[54],"product_tag":[],"class_list":{"0":"post-22868","1":"product","2":"type-product","3":"status-publish","4":"has-post-thumbnail","6":"product_cat-jerricanes","7":"product_shipping_class-s-fr","8":"pa_breite-190-fr","9":"pa_erstoeffnungsgarantie-oui","10":"pa_farbe-rouge","11":"pa_form-angulaire","12":"pa_gefahrgutzulassung-un-oui","13":"pa_hoehe-380-fr","14":"pa_iso-volumen-20-fr","15":"pa_laenge-350-fr","16":"pa_lebensmittelzulassung-non","17":"pa_material-polyethylene-hd","18":"pa_verschlusseigenschaft-bouchon-a-vis","20":"first","21":"instock","22":"sale","23":"taxable","24":"shipping-taxable","25":"purchasable","26":"product-type-simple"},"acf":[],"tiered_pricing_type":"fixed","tiered_pricing_fixed_rules":{"9":"22.68","18":"21.74","36":"19.33","72":"16.39"},"tiered_pricing_product_settings":{"layout":"default","base_unit_name":{"singular":null,"plural":null},"default_variation":null},"tiered_pricing_minimum_quantity":null,"tiered_pricing_roles_data":[],"tiered_pricing_percentage_rules":[],"_links":{"self":[{"href":"https:\/\/www.packstar.ch\/fr\/wp-json\/wp\/v2\/product\/22868","targetHints":{"allow":["GET"]}}],"collection":[{"href":"https:\/\/www.packstar.ch\/fr\/wp-json\/wp\/v2\/product"}],"about":[{"href":"https:\/\/www.packstar.ch\/fr\/wp-json\/wp\/v2\/types\/product"}],"wp:featuredmedia":[{"embeddable":true,"href":"https:\/\/www.packstar.ch\/fr\/wp-json\/wp\/v2\/media\/23650"}],"wp:attachment":[{"href":"https:\/\/www.packstar.ch\/fr\/wp-json\/wp\/v2\/media?parent=22868"}],"wp:term":[{"taxonomy":"product_brand","embeddable":true,"href":"https:\/\/www.packstar.ch\/fr\/wp-json\/wp\/v2\/product_brand?post=22868"},{"taxonomy":"product_cat","embeddable":true,"href":"https:\/\/www.packstar.ch\/fr\/wp-json\/wp\/v2\/product_cat?post=22868"},{"taxonomy":"product_tag","embeddable":true,"href":"https:\/\/www.packstar.ch\/fr\/wp-json\/wp\/v2\/product_tag?post=22868"}],"curies":[{"name":"wp","href":"https:\/\/api.w.org\/{rel}","templated":true}]}}