{"id":22926,"date":"2025-03-17T16:55:59","date_gmt":"2025-03-17T16:56:01","guid":{"rendered":"https:\/\/www.packstar.ch\/produkt\/anneau-de-serrage-pour-couvercle-kdf-220l\/"},"modified":"2026-02-17T07:30:16","modified_gmt":"2026-02-17T07:30:16","slug":"anneau-de-serrage-pour-couvercle-kdf-220l","status":"publish","type":"product","link":"https:\/\/www.packstar.ch\/fr\/produkt\/anneau-de-serrage-pour-couvercle-kdf-220l\/","title":{"rendered":"remplacement Anneau de serrage du couvercle pour le f\u00fbt avec couvercle 220L"},"content":{"rendered":"<p>Anneau de serrage du couvercle pour f\u00fbt \u00e0 couvercle 220L KDF 220L <br \/>\nMat\u00e9riau : m\u00e9tal<\/p>\n","protected":false},"excerpt":{"rendered":"<p>Anneau de serrage du couvercle pour f\u00fbt \u00e0 couvercle 220L KDF 220L Mat\u00e9riau : m\u00e9tal<\/p>\n","protected":false},"featured_media":23862,"template":"","meta":{"_acf_changed":false},"product_brand":[],"product_cat":[50],"product_tag":[],"class_list":{"0":"post-22926","1":"product","2":"type-product","3":"status-publish","4":"has-post-thumbnail","6":"product_cat-accessoires","7":"product_shipping_class-xxl-fr","8":"pa_form-rond","9":"pa_gefahrgutzulassung-un-oui","11":"first","12":"instock","13":"taxable","14":"shipping-taxable","15":"purchasable","16":"product-type-simple"},"acf":[],"tiered_pricing_type":"fixed","tiered_pricing_fixed_rules":{"120":"5.50"},"tiered_pricing_product_settings":{"layout":"default","base_unit_name":{"singular":null,"plural":null},"default_variation":null},"tiered_pricing_minimum_quantity":null,"tiered_pricing_roles_data":[],"tiered_pricing_percentage_rules":[],"_links":{"self":[{"href":"https:\/\/www.packstar.ch\/fr\/wp-json\/wp\/v2\/product\/22926","targetHints":{"allow":["GET"]}}],"collection":[{"href":"https:\/\/www.packstar.ch\/fr\/wp-json\/wp\/v2\/product"}],"about":[{"href":"https:\/\/www.packstar.ch\/fr\/wp-json\/wp\/v2\/types\/product"}],"wp:featuredmedia":[{"embeddable":true,"href":"https:\/\/www.packstar.ch\/fr\/wp-json\/wp\/v2\/media\/23862"}],"wp:attachment":[{"href":"https:\/\/www.packstar.ch\/fr\/wp-json\/wp\/v2\/media?parent=22926"}],"wp:term":[{"taxonomy":"product_brand","embeddable":true,"href":"https:\/\/www.packstar.ch\/fr\/wp-json\/wp\/v2\/product_brand?post=22926"},{"taxonomy":"product_cat","embeddable":true,"href":"https:\/\/www.packstar.ch\/fr\/wp-json\/wp\/v2\/product_cat?post=22926"},{"taxonomy":"product_tag","embeddable":true,"href":"https:\/\/www.packstar.ch\/fr\/wp-json\/wp\/v2\/product_tag?post=22926"}],"curies":[{"name":"wp","href":"https:\/\/api.w.org\/{rel}","templated":true}]}}