{"id":24484,"date":"2025-05-08T14:45:19","date_gmt":"2025-05-08T14:45:20","guid":{"rendered":"https:\/\/www.packstar.ch\/produkt\/fut-avec-couvercle-60-litres-bleu\/"},"modified":"2026-03-23T08:21:33","modified_gmt":"2026-03-23T08:21:33","slug":"fut-avec-couvercle-60-litres-bleu","status":"publish","type":"product","link":"https:\/\/www.packstar.ch\/fr\/produkt\/fut-avec-couvercle-60-litres-bleu\/","title":{"rendered":"F\u00fbt avec couvercle 60 litres bleu"},"content":{"rendered":"<p>Nos f\u00fbts de la marque AST sont fabriqu\u00e9s en HD-PE de haute qualit\u00e9. Ces produits de qualit\u00e9 allemande peuvent \u00eatre utilis\u00e9s de mani\u00e8re tr\u00e8s vari\u00e9e. Qu&#8217;il s&#8217;agisse de produits alimentaires, de produits chimiques, de liquides de toutes sortes, de produits en vrac, etc., ces f\u00fbts r\u00e9pondent \u00e0 vos exigences. Ils se distinguent par les caract\u00e9ristiques suivantes : Polyvalents, car exclusivement en PE, faciles \u00e0 manipuler avec les m\u00e9canismes de pr\u00e9hension courants, physiologiquement inoffensifs, inodores et sans go\u00fbt, faciles \u00e0 empiler, adapt\u00e9s aux palettes, adapt\u00e9s au contact alimentaire, tr\u00e8s bonne vidange compl\u00e8te. Ces caract\u00e9ristiques font des f\u00fbts,  des produits de qualit\u00e9 sup\u00e9rieure, respectueux de l&#8217;environnement et capables de r\u00e9pondre aux exigences de diff\u00e9rents secteurs. Homologation UN :  1H2\/X108\/S\/&#8230;A\/PA-03\/ 39341\/SIC<\/p>\n","protected":false},"excerpt":{"rendered":"<p>Nos f\u00fbts de la marque AST sont fabriqu\u00e9s en HD-PE de haute qualit\u00e9. Ces produits de qualit\u00e9 allemande peuvent \u00eatre utilis\u00e9s de mani\u00e8re tr\u00e8s vari\u00e9e. Qu&#8217;il s&#8217;agisse de produits alimentaires, de produits chimiques, de liquides de toutes sortes, de produits en vrac, etc., ces f\u00fbts r\u00e9pondent \u00e0 vos exigences. Ils se distinguent par les caract\u00e9ristiques [&hellip;]<\/p>\n","protected":false},"featured_media":23596,"template":"","meta":{"_acf_changed":false},"product_brand":[],"product_cat":[48],"product_tag":[],"class_list":{"0":"post-24484","1":"product","2":"type-product","3":"status-publish","4":"has-post-thumbnail","6":"product_cat-futs","7":"product_shipping_class-xl-fr","8":"pa_durchmesser-398-fr","9":"pa_erstoeffnungsgarantie-non","10":"pa_farbe-bleu","11":"pa_form-rond","12":"pa_gefahrgutzulassung-un-oui","13":"pa_hoehe-625-fr","14":"pa_iso-volumen-60-fr","15":"pa_laenge-398-fr","16":"pa_lebensmittelzulassung-oui","17":"pa_material-polyethylene-hd","18":"pa_randvoll-volumen-63-fr","20":"first","21":"instock","22":"taxable","23":"shipping-taxable","24":"purchasable","25":"product-type-simple"},"acf":[],"tiered_pricing_type":"fixed","tiered_pricing_fixed_rules":{"12":"38.60","24":"28.95"},"tiered_pricing_product_settings":{"layout":"default","base_unit_name":{"singular":null,"plural":null},"default_variation":null},"tiered_pricing_minimum_quantity":null,"tiered_pricing_roles_data":[],"tiered_pricing_percentage_rules":[],"_links":{"self":[{"href":"https:\/\/www.packstar.ch\/fr\/wp-json\/wp\/v2\/product\/24484","targetHints":{"allow":["GET"]}}],"collection":[{"href":"https:\/\/www.packstar.ch\/fr\/wp-json\/wp\/v2\/product"}],"about":[{"href":"https:\/\/www.packstar.ch\/fr\/wp-json\/wp\/v2\/types\/product"}],"wp:featuredmedia":[{"embeddable":true,"href":"https:\/\/www.packstar.ch\/fr\/wp-json\/wp\/v2\/media\/23596"}],"wp:attachment":[{"href":"https:\/\/www.packstar.ch\/fr\/wp-json\/wp\/v2\/media?parent=24484"}],"wp:term":[{"taxonomy":"product_brand","embeddable":true,"href":"https:\/\/www.packstar.ch\/fr\/wp-json\/wp\/v2\/product_brand?post=24484"},{"taxonomy":"product_cat","embeddable":true,"href":"https:\/\/www.packstar.ch\/fr\/wp-json\/wp\/v2\/product_cat?post=24484"},{"taxonomy":"product_tag","embeddable":true,"href":"https:\/\/www.packstar.ch\/fr\/wp-json\/wp\/v2\/product_tag?post=24484"}],"curies":[{"name":"wp","href":"https:\/\/api.w.org\/{rel}","templated":true}]}}