{"id":25495,"date":"2025-09-12T09:10:22","date_gmt":"2025-09-12T09:10:23","guid":{"rendered":"https:\/\/www.packstar.ch\/produkt\/bidon-6-litre-est-6l-325g-natur\/"},"modified":"2026-05-02T04:51:02","modified_gmt":"2026-05-02T04:51:02","slug":"bidon-6-litre-est-6l-325g-natur","status":"publish","type":"product","link":"https:\/\/www.packstar.ch\/fr\/produkt\/bidon-6-litre-est-6l-325g-natur\/","title":{"rendered":"Bidon 6 litre (EST 6L\/325g) natur"},"content":{"rendered":"<ul><\/p>\n<li>Bidon en plastique AST<\/li>\n<p><\/p>\n<li>&nbsp;<\/li>\n<p><\/p>\n<li>Contenu: 6 litres<\/li>\n<p><\/p>\n<li>Couleur: Natur<\/li>\n<p><\/p>\n<li>Format : 188x165mm<\/li>\n<p><\/p>\n<li>Hauteur : 277 mm<\/li>\n<p><\/p>\n<li>Empilable<\/li>\n<p><\/p>\n<li>Bouchon: n \u00b0 51 (Diam\u00e8tre 43mm), noir <\/li>\n<p><\/p>\n<li>Poids \/ unit\u00e9 en kg : 0,325<\/li>\n<p><\/p>\n<li>&nbsp;<\/li>\n<p><\/p>\n<li>Mat\u00e9riel: poly\u00e9thyl\u00e8ne, la qualit\u00e9 des aliments, a approuv\u00e9 comme emballage s\u00e9curit\u00e9 \u00e0 l\u2019enfant, conform\u00e9ment \u00e0 la norme DIN EN 28 317 utilis\u00e9 pour de nombreuses marchandises dangereuses (autorisation de mise sur le march\u00e9 UN X1.9)<\/li>\n<p><\/p>\n<li>&nbsp;<\/li>\n<p>\n    <\/ul><\/p>\n","protected":false},"excerpt":{"rendered":"<ul><\/p>\n<li>Bidon en plastique AST<\/li>\n<p>\n      &nbsp;<\/li>\n<p><\/p>\n<li>Contenu: 6 litres<\/li>\n<p><\/p>\n<li>Couleur: Natur<\/li>\n<p><\/p>\n<li>Format : 188x165mm<\/li>\n<p><\/p>\n<li>Hauteur : 277 mm<\/li>\n<p><\/p>\n<li>Empilable<\/li>\n<p><\/p>\n<li>Bouchon: n \u00b0 51 (Diam\u00e8tre 43mm), noir <\/li>\n<p><\/p>\n<li>Poids \/ unit\u00e9 en kg : 0,325<\/li>\n<p>\n      &nbsp;<\/li>\n<p><\/p>\n<li>Mat\u00e9riel: poly\u00e9thyl\u00e8ne, la qualit\u00e9 des aliments, a approuv\u00e9 comme emballage s\u00e9curit\u00e9 \u00e0 l\u2019enfant, conform\u00e9ment \u00e0 la norme DIN EN 28 317 utilis\u00e9 pour de nombreuses marchandises dangereuses (autorisation de mise sur le march\u00e9 UN X1.9)<\/li>\n<p>\n      &nbsp;<\/li>\n<p>\n       <\/ul><\/p>\n","protected":false},"featured_media":23270,"template":"","meta":{"_acf_changed":false},"product_brand":[],"product_cat":[57],"product_tag":[],"class_list":{"0":"post-25495","1":"product","2":"type-product","3":"status-publish","4":"has-post-thumbnail","6":"product_cat-non-categorise","7":"pa_breite-165-fr","8":"pa_erstoeffnungsgarantie-oui","9":"pa_farbe-nature","10":"pa_form-angulaire","11":"pa_gefahrgutzulassung-un-oui","12":"pa_hoehe-277-fr","13":"pa_iso-volumen-6-fr","14":"pa_laenge-188-fr","15":"pa_lebensmittelzulassung-oui","16":"pa_material-polyethylene-hd","17":"pa_randvoll-volumen-6-8-fr","18":"pa_verschlusseigenschaft-bouchon-a-vis-din-51","20":"first","21":"instock","22":"taxable","23":"shipping-taxable","24":"purchasable","25":"product-type-simple"},"acf":[],"tiered_pricing_type":"fixed","tiered_pricing_fixed_rules":{"28":"4.95","56":"4.50","112":"3.92","224":"2.69"},"tiered_pricing_product_settings":{"layout":"default","base_unit_name":{"singular":null,"plural":null},"default_variation":null},"tiered_pricing_minimum_quantity":null,"tiered_pricing_roles_data":[],"tiered_pricing_percentage_rules":[],"_links":{"self":[{"href":"https:\/\/www.packstar.ch\/fr\/wp-json\/wp\/v2\/product\/25495","targetHints":{"allow":["GET"]}}],"collection":[{"href":"https:\/\/www.packstar.ch\/fr\/wp-json\/wp\/v2\/product"}],"about":[{"href":"https:\/\/www.packstar.ch\/fr\/wp-json\/wp\/v2\/types\/product"}],"wp:featuredmedia":[{"embeddable":true,"href":"https:\/\/www.packstar.ch\/fr\/wp-json\/wp\/v2\/media\/23270"}],"wp:attachment":[{"href":"https:\/\/www.packstar.ch\/fr\/wp-json\/wp\/v2\/media?parent=25495"}],"wp:term":[{"taxonomy":"product_brand","embeddable":true,"href":"https:\/\/www.packstar.ch\/fr\/wp-json\/wp\/v2\/product_brand?post=25495"},{"taxonomy":"product_cat","embeddable":true,"href":"https:\/\/www.packstar.ch\/fr\/wp-json\/wp\/v2\/product_cat?post=25495"},{"taxonomy":"product_tag","embeddable":true,"href":"https:\/\/www.packstar.ch\/fr\/wp-json\/wp\/v2\/product_tag?post=25495"}],"curies":[{"name":"wp","href":"https:\/\/api.w.org\/{rel}","templated":true}]}}