{"id":27742,"date":"2026-04-07T07:45:24","date_gmt":"2026-04-07T07:45:25","guid":{"rendered":"https:\/\/www.packstar.ch\/produkt\/seau-jmp-185-eco-17-95-litre-gris\/"},"modified":"2026-04-07T07:46:18","modified_gmt":"2026-04-07T07:46:18","slug":"seau-jmp-185-eco-17-95-litre-gris","status":"publish","type":"product","link":"https:\/\/www.packstar.ch\/fr\/produkt\/seau-jmp-185-eco-17-95-litre-gris\/","title":{"rendered":"Seau JMP 185 ECO (17.95 Litre) gris"},"content":{"rendered":"<p>Nos seaux en plastique Eco Line sont fabriqu\u00e9s \u00e0 partir de mat\u00e9riaux recycl\u00e9s de haute qualit\u00e9 et offrent une solution durable pour les applications les plus diverses. Fabriqu\u00e9s par la c\u00e9l\u00e8bre soci\u00e9t\u00e9 Jokey, ces seaux r\u00e9pondent aux exigences strictes du Jokey EcoConcept, qui garantit les normes environnementales les plus \u00e9lev\u00e9es et l&#8217;efficacit\u00e9 des ressources.<br \/>\nCaract\u00e9ristiques des seaux en plastique Eco Line :<br \/>\nMat\u00e9riau durable : Les seaux sont en plastique recycl\u00e9, ce qui contribue \u00e0 la r\u00e9duction des d\u00e9chets et \u00e0 la pr\u00e9servation des ressources naturelles.<br \/>\nRobustes et durables : malgr\u00e9 l&#8217;utilisation de mati\u00e8re recycl\u00e9e, les seaux sont extr\u00eamement solides et r\u00e9sistants, id\u00e9aux pour une utilisation quotidienne.<br \/>\nUtilisation polyvalente : Convient \u00e0 diverses applications dans l&#8217;industrie, l&#8217;artisanat et le m\u00e9nage.<br \/>\nDesign \u00e9cologique : Le respect de l&#8217;EcoConcept de Jokey garantit que la production et le produit final sont respectueux de l&#8217;environnement.<br \/>\nQualit\u00e9 fiable : Jokey est un fabricant leader d&#8217;emballages en plastique, connu pour sa grande qualit\u00e9 et sa capacit\u00e9 d&#8217;innovation. Ces seaux ne sont actuellement PAS autoris\u00e9s pour les produits alimentaires.<\/p>\n","protected":false},"excerpt":{"rendered":"<ul><\/p>\n<li>Seau ovale de Jokey avec anse en plastique <\/li>\n<p><\/p>\n<li>Volume : 17.95 litre <\/li>\n<p><\/p>\n<li>Mat\u00e9riel : polypropyl\u00e8ne (PP) recycl\u00e9 PAS pour produits alimentaires <\/li>\n<p><\/p>\n<li>Couleur : gris <\/li>\n<p><\/p>\n<li>Dimensions&nbsp;: 385,6 x 291,6 mm <\/li>\n<p><\/p>\n<li>Hauteur : 273.7 mm <\/li>\n<p><\/p>\n<li>Appropri\u00e9 pour couleurs, etc. (PAS pour produits alimentaires) <\/li>\n<p><\/p>\n<li>Couvercle : LMP185<\/li>\n<p><\/p>\n<li>&nbsp;Poids \/ pi\u00e8ce en kg : 0.725 (seau et couvercle)<\/li>\n<p>\n    <\/ul><\/p>\n","protected":false},"featured_media":23656,"template":"","meta":{"_acf_changed":false},"product_brand":[],"product_cat":[51],"product_tag":[],"class_list":{"0":"post-27742","1":"product","2":"type-product","3":"status-publish","4":"has-post-thumbnail","6":"product_cat-seaux","7":"pa_breite-291-57-fr","8":"pa_buegelart-plastique","9":"pa_erstoeffnungsgarantie-oui","10":"pa_farbe-gris","11":"pa_form-ovale","12":"pa_gefahrgutzulassung-un-non","13":"pa_hoehe-258-7-fr","14":"pa_iso-volumen-17-95-fr","15":"pa_laenge-385-57-fr","16":"pa_lebensmittelzulassung-non","17":"pa_material-le-recyclage-pp","18":"pa_randvoll-volumen-19-75-fr","19":"pa_verschlusseigenschaft-a-cliquet","21":"first","22":"instock","23":"taxable","24":"shipping-taxable","25":"purchasable","26":"product-type-simple"},"acf":[],"tiered_pricing_type":"fixed","tiered_pricing_fixed_rules":{"50":"4.03","160":"3.60","320":"2.73"},"tiered_pricing_product_settings":{"layout":"default","base_unit_name":{"singular":null,"plural":null},"default_variation":null},"tiered_pricing_minimum_quantity":null,"tiered_pricing_roles_data":[],"tiered_pricing_percentage_rules":[],"_links":{"self":[{"href":"https:\/\/www.packstar.ch\/fr\/wp-json\/wp\/v2\/product\/27742","targetHints":{"allow":["GET"]}}],"collection":[{"href":"https:\/\/www.packstar.ch\/fr\/wp-json\/wp\/v2\/product"}],"about":[{"href":"https:\/\/www.packstar.ch\/fr\/wp-json\/wp\/v2\/types\/product"}],"wp:featuredmedia":[{"embeddable":true,"href":"https:\/\/www.packstar.ch\/fr\/wp-json\/wp\/v2\/media\/23656"}],"wp:attachment":[{"href":"https:\/\/www.packstar.ch\/fr\/wp-json\/wp\/v2\/media?parent=27742"}],"wp:term":[{"taxonomy":"product_brand","embeddable":true,"href":"https:\/\/www.packstar.ch\/fr\/wp-json\/wp\/v2\/product_brand?post=27742"},{"taxonomy":"product_cat","embeddable":true,"href":"https:\/\/www.packstar.ch\/fr\/wp-json\/wp\/v2\/product_cat?post=27742"},{"taxonomy":"product_tag","embeddable":true,"href":"https:\/\/www.packstar.ch\/fr\/wp-json\/wp\/v2\/product_tag?post=27742"}],"curies":[{"name":"wp","href":"https:\/\/api.w.org\/{rel}","templated":true}]}}