{"id":28041,"date":"2026-05-08T08:00:32","date_gmt":"2026-05-08T08:00:34","guid":{"rendered":"https:\/\/www.packstar.ch\/produkt\/seau-jetq-50-5-4-litre-transparent-fr\/"},"modified":"2026-05-08T08:06:05","modified_gmt":"2026-05-08T08:06:05","slug":"seau-jetq-50-5-4-litre-transparent-fr","status":"publish","type":"product","link":"https:\/\/www.packstar.ch\/fr\/produkt\/seau-jetq-50-5-4-litre-transparent-fr\/","title":{"rendered":"Seau JETQ 50 (5.4 Litre) transparent FR"},"content":{"rendered":"<p>Seau car\u00e9e  de Jokey avec anse en plastique<br \/>\nVolume : 5.4 litre<br \/>\nMat\u00e9riel : polypropyl\u00e8ne (PP) sans risque<br \/>\npour produits alimentaires<br \/>\nCouleur : transparent Format: 199 x 199 mm<br \/>\nHauteur : 202 mm<br \/>\nAppropri\u00e9 pour produits alimentaires, couleurs transparent pas clair comme du cristal, etc.<\/p>\n<p>Couvercle : DETQ 50 <\/p>\n<p>Poids \/ pi\u00e8ce en kg : 0.189 (seau et couvercle)<\/p>\n","protected":false},"excerpt":{"rendered":"<p>Seau car\u00e9e de Jokey avec anse en plastique Volume : 5.4 litre Mat\u00e9riel : polypropyl\u00e8ne (PP) sans risque pour produits alimentaires Couleur : transparent Format: 199 x 199 mm Hauteur : 202 mm Appropri\u00e9 pour produits alimentaires, couleurs transparent pas clair comme du cristal, etc. Couvercle : DETQ 50 Poids \/ pi\u00e8ce en kg : [&hellip;]<\/p>\n","protected":false},"featured_media":23520,"template":"","meta":{"_acf_changed":false},"product_brand":[],"product_cat":[51],"product_tag":[],"class_list":{"0":"post-28041","1":"product","2":"type-product","3":"status-publish","4":"has-post-thumbnail","6":"product_cat-seaux","7":"pa_buegelart-sans","8":"pa_erstoeffnungsgarantie-oui","9":"pa_farbe-transparent","10":"pa_form-angulaire","11":"pa_gefahrgutzulassung-un-non","12":"pa_hoehe-202-fr","13":"pa_iso-volumen-5-4-fr","14":"pa_laenge-199-fr","15":"pa_lebensmittelzulassung-oui","16":"pa_material-polypropylene","17":"pa_randvoll-volumen-6-fr","18":"pa_verschlusseigenschaft-a-cliquet","20":"first","21":"instock","22":"taxable","23":"shipping-taxable","24":"purchasable","25":"product-type-simple"},"acf":[],"tiered_pricing_type":"fixed","tiered_pricing_fixed_rules":{"100":"1.53","960":"1.36","1920":"1.02"},"tiered_pricing_product_settings":{"layout":"default","base_unit_name":{"singular":null,"plural":null},"default_variation":null},"tiered_pricing_minimum_quantity":null,"tiered_pricing_roles_data":[],"tiered_pricing_percentage_rules":[],"_links":{"self":[{"href":"https:\/\/www.packstar.ch\/fr\/wp-json\/wp\/v2\/product\/28041","targetHints":{"allow":["GET"]}}],"collection":[{"href":"https:\/\/www.packstar.ch\/fr\/wp-json\/wp\/v2\/product"}],"about":[{"href":"https:\/\/www.packstar.ch\/fr\/wp-json\/wp\/v2\/types\/product"}],"wp:featuredmedia":[{"embeddable":true,"href":"https:\/\/www.packstar.ch\/fr\/wp-json\/wp\/v2\/media\/23520"}],"wp:attachment":[{"href":"https:\/\/www.packstar.ch\/fr\/wp-json\/wp\/v2\/media?parent=28041"}],"wp:term":[{"taxonomy":"product_brand","embeddable":true,"href":"https:\/\/www.packstar.ch\/fr\/wp-json\/wp\/v2\/product_brand?post=28041"},{"taxonomy":"product_cat","embeddable":true,"href":"https:\/\/www.packstar.ch\/fr\/wp-json\/wp\/v2\/product_cat?post=28041"},{"taxonomy":"product_tag","embeddable":true,"href":"https:\/\/www.packstar.ch\/fr\/wp-json\/wp\/v2\/product_tag?post=28041"}],"curies":[{"name":"wp","href":"https:\/\/api.w.org\/{rel}","templated":true}]}}